{"id":94640,"date":"2021-03-16T22:34:16","date_gmt":"2021-03-16T17:04:16","guid":{"rendered":"https:\/\/themes.diviplus.io\/dental\/\/?page_id=466"},"modified":"2024-11-05T23:10:42","modified_gmt":"2024-11-05T23:10:42","slug":"about-us","status":"publish","type":"page","link":"https:\/\/clinicadrgonell.com\/en\/about-us\/","title":{"rendered":"About Us"},"content":{"rendered":"<p>[et_pb_section fb_built=\u00bb1&#8243; module_class=\u00bbdipl_ct_dental_inner_hero_section\u00bb _builder_version=\u00bb4.27.2&#8243; _module_preset=\u00bbdefault\u00bb background_enable_color=\u00bboff\u00bb use_background_color_gradient=\u00bbon\u00bb background_color_gradient_direction=\u00bb270deg\u00bb background_color_gradient_stops=\u00bbrgba(43,135,218,0) 0%|rgba(0,0,0,0.73) 100%\u00bb background_color_gradient_overlays_image=\u00bbon\u00bb background_color_gradient_start=\u00bbrgba(43,135,218,0)\u00bb background_color_gradient_end=\u00bbrgba(0,0,0,0.73)\u00bb background_image=\u00bbhttps:\/\/clinicadrgonell.com\/wp-content\/uploads\/2024\/10\/Diseno-sin-titulo-5.png\u00bb custom_padding=\u00bb4%||4%||true|false\u00bb locked=\u00bboff\u00bb global_colors_info=\u00bb{}\u00bb][et_pb_row make_equal=\u00bbon\u00bb custom_padding_last_edited=\u00bboff|desktop\u00bb _builder_version=\u00bb4.16&#8243; _module_preset=\u00bbdefault\u00bb custom_padding_tablet=\u00bb||50px||false|false\u00bb custom_padding_phone=\u00bb||40px||false|false\u00bb global_colors_info=\u00bb{}\u00bb][et_pb_column type=\u00bb4_4&#8243; _builder_version=\u00bb4.16&#8243; _module_preset=\u00bbdefault\u00bb global_colors_info=\u00bb{}\u00bb][et_pb_text _builder_version=\u00bb4.16&#8243; _dynamic_attributes=\u00bbcontent\u00bb _module_preset=\u00bbdefault\u00bb background_layout=\u00bbdark\u00bb custom_margin=\u00bb||20px||false|false\u00bb custom_margin_tablet=\u00bb||10px||false|false\u00bb custom_margin_phone=\u00bb||0px||false|false\u00bb custom_margin_last_edited=\u00bbon|phone\u00bb custom_padding=\u00bb||0px||false|false\u00bb header_font_size_tablet=\u00bb40px\u00bb header_font_size_phone=\u00bb30px\u00bb header_font_size_last_edited=\u00bbon|tablet\u00bb global_colors_info=\u00bb{}\u00bb]@ET-DC@eyJkeW5hbWljIjp0cnVlLCJjb250ZW50IjoicG9zdF90aXRsZSIsInNldHRpbmdzIjp7ImJlZm9yZSI6IjxoMT4iLCJhZnRlciI6IjwvaDE+In19@[\/et_pb_text][dipl_breadcrumb breadcrumb_layout=\u00bblayout2&#8243; separator_type=\u00bbicon_separator\u00bb separator_icon=\u00bb&#x39;||divi||400&#8243; separator_size=\u00bb20px\u00bb separator_color=\u00bb#FFFFFF\u00bb _builder_version=\u00bb4.16&#8243; _module_preset=\u00bbdefault\u00bb global_text_settings_font_size=\u00bb16px\u00bb text_text_color=\u00bb#FFFFFF\u00bb link_text_color=\u00bb#FFFFFF\u00bb custom_margin=\u00bb||20px||false|false\u00bb custom_margin_tablet=\u00bb||12px||false|false\u00bb custom_margin_phone=\u00bb||8px||false|false\u00bb custom_margin_last_edited=\u00bbon|phone\u00bb global_text_settings_font_size_tablet=\u00bb16px\u00bb global_text_settings_font_size_phone=\u00bb14px\u00bb global_text_settings_font_size_last_edited=\u00bbon|tablet\u00bb global_colors_info=\u00bb{}\u00bb][\/dipl_breadcrumb][\/et_pb_column][\/et_pb_row][\/et_pb_section][et_pb_section fb_built=\u00bb1&#8243; custom_padding_last_edited=\u00bbon|phone\u00bb _builder_version=\u00bb4.16&#8243; _module_preset=\u00bbdefault\u00bb width=\u00bb100%\u00bb custom_padding=\u00bb24px||0px||false|false\u00bb custom_padding_tablet=\u00bb\u00bb custom_padding_phone=\u00bb50px||50px||false|false\u00bb global_colors_info=\u00bb{}\u00bb][et_pb_row column_structure=\u00bb3_5,2_5&#8243; _builder_version=\u00bb4.16&#8243; _module_preset=\u00bbdefault\u00bb custom_padding=\u00bb12px||0px||false|false\u00bb global_colors_info=\u00bb{}\u00bb][et_pb_column type=\u00bb3_5&#8243; _builder_version=\u00bb4.16&#8243; _module_preset=\u00bbdefault\u00bb custom_padding=\u00bb70px|80px|70px||true|false\u00bb custom_padding_tablet=\u00bb0px|0px|0px||true|false\u00bb custom_padding_phone=\u00bb\u00bb custom_padding_last_edited=\u00bbon|tablet\u00bb global_colors_info=\u00bb{}\u00bb][et_pb_text _builder_version=\u00bb4.27.2&#8243; _module_preset=\u00bbdefault\u00bb header_2_font=\u00bb|600|||||||\u00bb header_2_font_size=\u00bb45px\u00bb header_2_line_height=\u00bb1.4em\u00bb custom_margin=\u00bb||10px||false|false\u00bb header_2_font_size_tablet=\u00bb35px\u00bb header_2_font_size_phone=\u00bb28px\u00bb header_2_font_size_last_edited=\u00bbon|tablet\u00bb global_colors_info=\u00bb{}\u00bb]<\/p>\n<h2>Qui\u00e9nes Somos y Nuestro Compromiso Contigo<\/h2>\n<p>[\/et_pb_text][et_pb_text _builder_version=\u00bb4.27.2&#8243; _module_preset=\u00bbdefault\u00bb text_font=\u00bb||||||||\u00bb width=\u00bb80%\u00bb width_tablet=\u00bb100%\u00bb width_phone=\u00bb\u00bb width_last_edited=\u00bbon|tablet\u00bb hover_enabled=\u00bb0&#8243; global_colors_info=\u00bb{}\u00bb sticky_enabled=\u00bb0&#8243;]<\/p>\n<p>En la Cl\u00ednica Odontol\u00f3gica Dr. Ramses Gonell, , Rep\u00fablica Dominicana, estamos comprometidos con ofrecer atenci\u00f3n dental de clase mundial. Especializados en pr\u00f3tesis e implantes dentales combinamos lo mejor de la odontolog\u00eda moderna con la oportunidad conocer un nuevo destino en el Caribe. Nos encargamos de todos los detalles, desde tu llegada, alojamiento y traslados Con un equipo altamente capacitado y tecnolog\u00eda de vanguardia, garantizamos tratamientos efectivos en tiempo r\u00e9cord en ambiente c\u00e1lido y profesional. Nuestra misi\u00f3n es cuidar de tu sonrisa con los m\u00e1s altos est\u00e1ndares de calidad, por ello estamos aliados a los mejores proveedores de la regi\u00f3n para garantizar calidad y rapidez.<\/p>\n<p>[\/et_pb_text][\/et_pb_column][et_pb_column type=\u00bb2_5&#8243; _builder_version=\u00bb4.16&#8243; _module_preset=\u00bbdefault\u00bb global_colors_info=\u00bb{}\u00bb][et_pb_blurb title=\u00bb5 +\u00bb use_icon=\u00bbon\u00bb font_icon=\u00bb&#xe0fe;||divi||400&#8243; icon_color=\u00bb#FFFFFF\u00bb icon_placement=\u00bbleft\u00bb image_icon_width=\u00bb40px\u00bb content_max_width=\u00bb100%\u00bb image_icon_width_tablet=\u00bb30px\u00bb image_icon_width_phone=\u00bb30px\u00bb image_icon_width_last_edited=\u00bbon|tablet\u00bb _builder_version=\u00bb4.27.2&#8243; _module_preset=\u00bbdefault\u00bb header_font_size=\u00bb40px\u00bb header_line_height=\u00bb1.4em\u00bb body_font_size=\u00bb21px\u00bb background_color=\u00bb#F19177&#8243; positioning=\u00bbabsolute\u00bb position_origin_a=\u00bbbottom_left\u00bb vertical_offset=\u00bb15px\u00bb horizontal_offset=\u00bb-147px\u00bb z_index=\u00bb9999999&#8243; vertical_offset_tablet=\u00bb\u00bb vertical_offset_phone=\u00bb-79px\u00bb vertical_offset_last_edited=\u00bbon|phone\u00bb horizontal_offset_tablet=\u00bb237px\u00bb horizontal_offset_phone=\u00bb0px\u00bb horizontal_offset_last_edited=\u00bbon|tablet\u00bb position_origin_a_tablet=\u00bb\u00bb position_origin_a_phone=\u00bb\u00bb position_origin_a_last_edited=\u00bbon|phone\u00bb position_origin_f_tablet=\u00bb\u00bb position_origin_f_phone=\u00bb\u00bb position_origin_f_last_edited=\u00bbon|phone\u00bb position_origin_r_tablet=\u00bb\u00bb position_origin_r_phone=\u00bb\u00bb position_origin_r_last_edited=\u00bbon|phone\u00bb background_layout=\u00bbdark\u00bb width=\u00bb60%\u00bb width_tablet=\u00bb\u00bb width_phone=\u00bb100%\u00bb width_last_edited=\u00bbon|phone\u00bb custom_margin_tablet=\u00bb\u00bb custom_margin_phone=\u00bb||||false|false\u00bb custom_margin_last_edited=\u00bbon|phone\u00bb custom_padding=\u00bb30px|30px|30px|30px|true|true\u00bb header_font_size_tablet=\u00bb30px\u00bb header_font_size_phone=\u00bb25px\u00bb header_font_size_last_edited=\u00bbon|tablet\u00bb body_font_size_tablet=\u00bb18px\u00bb body_font_size_phone=\u00bb\u00bb body_font_size_last_edited=\u00bbon|tablet\u00bb positioning_tablet=\u00bb\u00bb positioning_phone=\u00bbnone\u00bb positioning_last_edited=\u00bbon|phone\u00bb border_radii=\u00bbon|50px|50px|50px|50px\u00bb icon_font_size=\u00bb40px\u00bb icon_font_size_tablet=\u00bb30px\u00bb icon_font_size_phone=\u00bb\u00bb icon_font_size_last_edited=\u00bbon|tablet\u00bb global_colors_info=\u00bb{}\u00bb]<\/p>\n<p><span style=\"font-weight: 400;\">A\u00f1os de experiencia<\/span><\/p>\n<p>[\/et_pb_blurb][dipl_image_mask mask_on=\u00bbbackground\u00bb mask_type=\u00bbcircle\u00bb mask_height=\u00bb580px\u00bb mask_background_image=\u00bbhttps:\/\/clinicadrgonell.com\/wp-content\/uploads\/2024\/10\/MPP_4061-copia-scaled.jpg\u00bb mask_height_tablet=\u00bb400px\u00bb mask_height_phone=\u00bb241px\u00bb mask_height_last_edited=\u00bbon|tablet\u00bb _builder_version=\u00bb4.27.2&#8243; _module_preset=\u00bbdefault\u00bb overflow-x=\u00bbvisible\u00bb overflow-y=\u00bbvisible\u00bb locked=\u00bboff\u00bb global_colors_info=\u00bb{}\u00bb][dipl_image_mask_item select_circle_type=\u00bbelements_empty_circle\u00bb element_position_top=\u00bb-6%\u00bb element_position_left=\u00bb-4%\u00bb element_placement=\u00bbdipl_elements_bottom\u00bb element_sizing=\u00bb486px\u00bb element_bg_color=\u00bb#6C7073&#8243; element_sizing_tablet=\u00bb460px\u00bb element_sizing_phone=\u00bb241px\u00bb element_sizing_last_edited=\u00bbon|tablet\u00bb _builder_version=\u00bb4.27.2&#8243; _module_preset=\u00bbdefault\u00bb overflow-x=\u00bbvisible\u00bb overflow-y=\u00bbvisible\u00bb global_colors_info=\u00bb{}\u00bb][\/dipl_image_mask_item][\/dipl_image_mask][\/et_pb_column][\/et_pb_row][\/et_pb_section][et_pb_section fb_built=\u00bb1&#8243; module_id=\u00bbmeet-doctor\u00bb _builder_version=\u00bb4.16&#8243; _module_preset=\u00bbdefault\u00bb custom_padding=\u00bb17px||||false|false\u00bb global_colors_info=\u00bb{}\u00bb][et_pb_row column_structure=\u00bb1_2,1_2&#8243; use_custom_gutter=\u00bbon\u00bb gutter_width=\u00bb1&#8243; make_equal=\u00bbon\u00bb _builder_version=\u00bb4.27.2&#8243; _module_preset=\u00bbdefault\u00bb width=\u00bb60%\u00bb width_tablet=\u00bb70%\u00bb width_phone=\u00bb80%\u00bb width_last_edited=\u00bbon|tablet\u00bb global_colors_info=\u00bb{}\u00bb][et_pb_column type=\u00bb1_2&#8243; _builder_version=\u00bb4.27.2&#8243; _module_preset=\u00bbdefault\u00bb background_image=\u00bbhttps:\/\/clinicadrgonell.com\/wp-content\/uploads\/2024\/10\/MPP_4051-copia-scaled.jpg\u00bb custom_padding=\u00bb||||false|false\u00bb custom_padding_tablet=\u00bb||||false|false\u00bb custom_padding_last_edited=\u00bboff|tablet\u00bb global_colors_info=\u00bb{}\u00bb custom_css_main_element_last_edited=\u00bbon|tablet\u00bb custom_css_main_element_tablet=\u00bbheight:400px;\u00bb custom_css_main_element_phone=\u00bbheight: 300px;\u00bb][et_pb_blurb title=\u00bbHaz tu cita\u00bb use_icon=\u00bbon\u00bb font_icon=\u00bb&#xe090;||divi||400&#8243; icon_color=\u00bb#FFFFFF\u00bb icon_placement=\u00bbleft\u00bb image_icon_width=\u00bb24px\u00bb content_max_width=\u00bb100%\u00bb _builder_version=\u00bb4.27.2&#8243; _module_preset=\u00bbdefault\u00bb header_font_size=\u00bb30px\u00bb header_line_height=\u00bb1.4em\u00bb body_font_size=\u00bb21px\u00bb background_color=\u00bb#F19177&#8243; positioning=\u00bbabsolute\u00bb position_origin_a=\u00bbbottom_left\u00bb vertical_offset=\u00bb126px\u00bb horizontal_offset=\u00bb-46px\u00bb z_index=\u00bb9999999&#8243; vertical_offset_tablet=\u00bb105px\u00bb vertical_offset_phone=\u00bb277px\u00bb vertical_offset_last_edited=\u00bbon|tablet\u00bb horizontal_offset_tablet=\u00bb\u00bb horizontal_offset_phone=\u00bb0px\u00bb horizontal_offset_last_edited=\u00bbon|phone\u00bb background_layout=\u00bbdark\u00bb width=\u00bb60%\u00bb width_tablet=\u00bb\u00bb width_phone=\u00bb100%\u00bb width_last_edited=\u00bbon|phone\u00bb custom_padding=\u00bb30px|30px|30px|30px|true|true\u00bb header_font_size_tablet=\u00bb24px\u00bb header_font_size_phone=\u00bb\u00bb header_font_size_last_edited=\u00bbon|tablet\u00bb body_font_size_tablet=\u00bb18px\u00bb body_font_size_phone=\u00bb\u00bb body_font_size_last_edited=\u00bbon|tablet\u00bb custom_css_blurb_content=\u00bb    display: flex;||    align-items: center;\u00bb border_radii=\u00bbon|50px|50px|50px|50px\u00bb icon_font_size=\u00bb24px\u00bb locked=\u00bboff\u00bb global_colors_info=\u00bb{}\u00bb]<\/p>\n<p><a href=\"tel:849-485-1100\">849-485-1100<\/a><\/p>\n<p>[\/et_pb_blurb][\/et_pb_column][et_pb_column type=\u00bb1_2&#8243; _builder_version=\u00bb4.16&#8243; _module_preset=\u00bbdefault\u00bb background_color=\u00bb#f9f9f9&#8243; custom_padding=\u00bb50px|50px|50px|50px|true|true\u00bb custom_padding_tablet=\u00bb\u00bb custom_padding_phone=\u00bb50px|30px|50px|30px|true|true\u00bb custom_padding_last_edited=\u00bbon|phone\u00bb global_colors_info=\u00bb{}\u00bb][et_pb_text _builder_version=\u00bb4.27.2&#8243; _module_preset=\u00bbdefault\u00bb header_2_font=\u00bb|600|||||||\u00bb header_2_text_color=\u00bb#333333&#8243; header_2_font_size=\u00bb45px\u00bb header_2_line_height=\u00bb1.4em\u00bb custom_margin=\u00bb||10px||false|false\u00bb header_2_font_size_tablet=\u00bb35px\u00bb header_2_font_size_phone=\u00bb28px\u00bb header_2_font_size_last_edited=\u00bbon|tablet\u00bb global_colors_info=\u00bb{}\u00bb]<\/p>\n<h2>Dr. <span>Ramses Gonell<\/span><\/h2>\n<p><span>Odontolog\u00eda &amp; implantologia<\/span><\/p>\n<p>[\/et_pb_text][et_pb_text _builder_version=\u00bb4.27.2&#8243; _module_preset=\u00bbdefault\u00bb custom_margin=\u00bb30px||30px||true|false\u00bb global_colors_info=\u00bb{}\u00bb]<\/p>\n<p>&nbsp;<\/p>\n<p><span style=\"font-weight: 400;\">Dr. Ramses Gonell graduado de la carrera de odontolog\u00eda general en la universidad cat\u00f3lica tecnol\u00f3gica del Cibao UCATECI\u00a0<\/span><\/p>\n<p>&nbsp;<\/p>\n<p>[\/et_pb_text][et_pb_blurb use_icon=\u00bbon\u00bb font_icon=\u00bb&#xf5c9;||fa||900&#8243; icon_color=\u00bb#f9f9f9&#8243; image_icon_background_color=\u00bb#6C7073&#8243; icon_placement=\u00bbleft\u00bb image_icon_width=\u00bb33px\u00bb _builder_version=\u00bb4.27.2&#8243; _module_preset=\u00bbdefault\u00bb header_text_color=\u00bb#257fac\u00bb header_font_size=\u00bb22px\u00bb header_line_height=\u00bb1.4em\u00bb image_icon_custom_padding=\u00bb8px|8px|8px|8px|false|false\u00bb custom_padding=\u00bb20px||20px||true|false\u00bb border_radii_image=\u00bbon|100%|100%|100%|100%\u00bb icon_font_size=\u00bb33px\u00bb use_circle=\u00bbon\u00bb global_colors_info=\u00bb{}\u00bb image_icon_background_color__sticky_enabled=\u00bb#2993c8&#8243; image_icon_background_color__sticky=\u00bb#2993c8&#8243;]<\/p>\n<p><span style=\"font-weight: 400;\">Especialidad en Implantolog\u00eda en el instituto V&amp;G (universidad funorte Brasil)<\/span><\/p>\n<p>&nbsp;<\/p>\n<p>[\/et_pb_blurb][et_pb_blurb use_icon=\u00bbon\u00bb font_icon=\u00bb&#xf5c9;||fa||900&#8243; icon_color=\u00bb#f9f9f9&#8243; image_icon_background_color=\u00bb#6C7073&#8243; icon_placement=\u00bbleft\u00bb image_icon_width=\u00bb33px\u00bb _builder_version=\u00bb4.27.2&#8243; _module_preset=\u00bbdefault\u00bb header_text_color=\u00bb#257fac\u00bb header_font_size=\u00bb22px\u00bb header_line_height=\u00bb1.4em\u00bb image_icon_custom_padding=\u00bb8px|8px|8px|8px|false|false\u00bb custom_padding=\u00bb20px||20px||true|false\u00bb border_radii_image=\u00bbon|100%|100%|100%|100%\u00bb icon_font_size=\u00bb33px\u00bb use_circle=\u00bbon\u00bb global_colors_info=\u00bb{}\u00bb image_icon_background_color__sticky_enabled=\u00bb#2993c8&#8243; image_icon_background_color__sticky=\u00bb#2993c8&#8243;]<\/p>\n<p><span style=\"font-weight: 400;\">Diplomado avanzado de pr\u00f3tesis sobre implantes instituto V&amp;G Brasil<\/span><\/p>\n<p>&nbsp;<\/p>\n<p>[\/et_pb_blurb][et_pb_blurb use_icon=\u00bbon\u00bb font_icon=\u00bb&#xf5c9;||fa||900&#8243; icon_color=\u00bb#f9f9f9&#8243; image_icon_background_color=\u00bb#6C7073&#8243; icon_placement=\u00bbleft\u00bb image_icon_width=\u00bb33px\u00bb _builder_version=\u00bb4.27.2&#8243; _module_preset=\u00bbdefault\u00bb header_text_color=\u00bb#257fac\u00bb header_font_size=\u00bb22px\u00bb header_line_height=\u00bb1.4em\u00bb image_icon_custom_padding=\u00bb8px|8px|8px|8px|false|false\u00bb custom_padding=\u00bb20px||20px||true|false\u00bb border_radii_image=\u00bbon|100%|100%|100%|100%\u00bb icon_font_size=\u00bb33px\u00bb use_circle=\u00bbon\u00bb global_colors_info=\u00bb{}\u00bb image_icon_background_color__sticky_enabled=\u00bb#2993c8&#8243; image_icon_background_color__sticky=\u00bb#2993c8&#8243;]<\/p>\n<p><span style=\"font-weight: 400;\">Manejo de tejidos duros y blandos perimplatares<\/span><\/p>\n<p>[\/et_pb_blurb][\/et_pb_column][\/et_pb_row][\/et_pb_section][et_pb_section fb_built=\u00bb1&#8243; module_id=\u00bbmeet-our-team\u00bb _builder_version=\u00bb4.27.2&#8243; _module_preset=\u00bbdefault\u00bb background_color=\u00bbrgba(108,112,115,0.22)\u00bb custom_padding=\u00bb10px||36px|||\u00bb locked=\u00bboff\u00bb global_colors_info=\u00bb{}\u00bb][et_pb_row _builder_version=\u00bb4.16&#8243; _module_preset=\u00bbdefault\u00bb custom_padding=\u00bb||0px|||\u00bb locked=\u00bboff\u00bb global_colors_info=\u00bb{}\u00bb][et_pb_column type=\u00bb4_4&#8243; _builder_version=\u00bb4.16&#8243; _module_preset=\u00bbdefault\u00bb global_colors_info=\u00bb{}\u00bb][et_pb_text _builder_version=\u00bb4.27.2&#8243; _module_preset=\u00bbdefault\u00bb header_2_font=\u00bb|600|||||||\u00bb header_2_font_size=\u00bb45px\u00bb header_2_line_height=\u00bb1.4em\u00bb header_3_text_color=\u00bb#6C7073&#8243; text_orientation=\u00bbcenter\u00bb background_layout=\u00bbdark\u00bb max_width=\u00bb60%\u00bb max_width_tablet=\u00bb100%\u00bb max_width_phone=\u00bb\u00bb max_width_last_edited=\u00bbon|tablet\u00bb module_alignment=\u00bbcenter\u00bb header_2_font_size_tablet=\u00bb35px\u00bb header_2_font_size_phone=\u00bb28px\u00bb header_2_font_size_last_edited=\u00bbon|tablet\u00bb global_colors_info=\u00bb{}\u00bb]<\/p>\n<h3>Nuestra Misi\u00f3n y Visi\u00f3n: Comprometidos con tu Bienestar Dental<\/h3>\n<p>[\/et_pb_text][\/et_pb_column][\/et_pb_row][et_pb_row column_structure=\u00bb1_2,1_2&#8243; _builder_version=\u00bb4.16&#8243; _module_preset=\u00bbdefault\u00bb global_colors_info=\u00bb{}\u00bb][et_pb_column type=\u00bb1_2&#8243; _builder_version=\u00bb4.16&#8243; _module_preset=\u00bbdefault\u00bb global_colors_info=\u00bb{}\u00bb][et_pb_blurb title=\u00bbMisi\u00f3n\u00bb use_icon=\u00bbon\u00bb font_icon=\u00bb&#xe007;||divi||400&#8243; icon_color=\u00bb#6C7073&#8243; _builder_version=\u00bb4.27.2&#8243; _module_preset=\u00bbdefault\u00bb header_text_color=\u00bb#6C7073&#8243; body_text_color=\u00bb#6C7073&#8243; text_orientation=\u00bbcenter\u00bb global_colors_info=\u00bb{}\u00bb]<\/p>\n<p>Brindar atenci\u00f3n odontol\u00f3gica integral y de calidad, especializada en implantes y turismo dental, con un enfoque en el bienestar y comodidad de nuestros pacientes. Nos comprometemos a utilizar tecnolog\u00eda avanzada y ofrecer un servicio personalizado, asegurando una experiencia positiva desde el primer contacto hasta la finalizaci\u00f3n del tratamiento.<\/p>\n<p>[\/et_pb_blurb][\/et_pb_column][et_pb_column type=\u00bb1_2&#8243; _builder_version=\u00bb4.16&#8243; _module_preset=\u00bbdefault\u00bb global_colors_info=\u00bb{}\u00bb][et_pb_blurb title=\u00bbVisi\u00f3n\u00bb use_icon=\u00bbon\u00bb font_icon=\u00bb&#xe102;||divi||400&#8243; icon_color=\u00bb#6C7073&#8243; _builder_version=\u00bb4.27.2&#8243; _module_preset=\u00bbdefault\u00bb header_text_color=\u00bb#6C7073&#8243; body_text_color=\u00bb#6C7073&#8243; text_orientation=\u00bbcenter\u00bb global_colors_info=\u00bb{}\u00bb]<\/p>\n<p>Ser reconocidos como l\u00edderes en odontolog\u00eda y turismo dental en la Rep\u00fablica Dominicana, destac\u00e1ndonos por la excelencia en el cuidado dental, la innovaci\u00f3n tecnol\u00f3gica y la satisfacci\u00f3n de nuestros pacientes locales e internacionales.<\/p>\n<p>[\/et_pb_blurb][\/et_pb_column][\/et_pb_row][\/et_pb_section]<\/p>\n","protected":false},"excerpt":{"rendered":"<p><div class=\"et_pb_module dipl_breadcrumb dipl_breadcrumb_0\">\n\t\t\t\t\n\t\t\t\t\n\t\t\t\t\n\t\t\t\t\n\t\t\t\t\n\t\t\t\t\n\t\t\t\t<div class=\"et_pb_module_inner\">\n\t\t\t\t\t<div class=\"dipl-breadcrumb-wrapper layout2\">\n\t\t\t\t\t\t\t\t<ol class=\"dipl-breadcrumb-inner\" vocab=\"https:\/\/schema.org\/\" typeof=\"BreadcrumbList\">\n\t\t\t\t\t\t\t\t\t<li property=\"itemListElement\" typeof=\"ListItem\" data-icon=\"&#x39;\">\n\t\t\t\t\t\t\t\t\t\t\t\t\t    <a class=\"breadcrumb-item dipl-home-page\" href=\"https:\/\/clinicadrgonell.com\/en\" property=\"item\" typeof=\"WebPage\" >\n\t\t\t\t\t\t\t\t\t\t\t\t\t      \t<span class=\"breadcrumb-page\" property=\"name\">Home<\/span>\n\t\t\t\t\t\t\t\t\t\t\t\t\t    <\/a>\n\t\t\t\t\t\t\t\t\t\t\t\t\t    <meta property=\"position\" content=\"1\" \/>\n\t\t\t\t\t\t\t\t\t\t\t\t\t<\/li>\n\t\t\t\t\t\t\t\t<\/ol>\n\t\t\t\t\t\t\t<\/div>\n\t\t\t\t<\/div>\n\t\t\t<\/div>Qui\u00e9nes Somos y Nuestro Compromiso ContigoEn la Cl\u00ednica Odontol\u00f3gica Dr. Ramses Gonell, , Rep\u00fablica Dominicana, estamos comprometidos con ofrecer atenci\u00f3n dental de clase mundial. Especializados en pr\u00f3tesis e implantes dentales combinamos lo mejor de la odontolog\u00eda moderna [&hellip;]<\/p>\n","protected":false},"author":2,"featured_media":36,"parent":0,"menu_order":0,"comment_status":"closed","ping_status":"closed","template":"","meta":{"_et_pb_use_builder":"on","_et_pb_old_content":"","_et_gb_content_width":"","footnotes":""},"class_list":["post-94640","page","type-page","status-publish","has-post-thumbnail","hentry"],"_links":{"self":[{"href":"https:\/\/clinicadrgonell.com\/en\/wp-json\/wp\/v2\/pages\/94640","targetHints":{"allow":["GET"]}}],"collection":[{"href":"https:\/\/clinicadrgonell.com\/en\/wp-json\/wp\/v2\/pages"}],"about":[{"href":"https:\/\/clinicadrgonell.com\/en\/wp-json\/wp\/v2\/types\/page"}],"author":[{"embeddable":true,"href":"https:\/\/clinicadrgonell.com\/en\/wp-json\/wp\/v2\/users\/2"}],"replies":[{"embeddable":true,"href":"https:\/\/clinicadrgonell.com\/en\/wp-json\/wp\/v2\/comments?post=94640"}],"version-history":[{"count":5,"href":"https:\/\/clinicadrgonell.com\/en\/wp-json\/wp\/v2\/pages\/94640\/revisions"}],"predecessor-version":[{"id":100111,"href":"https:\/\/clinicadrgonell.com\/en\/wp-json\/wp\/v2\/pages\/94640\/revisions\/100111"}],"wp:featuredmedia":[{"embeddable":true,"href":"https:\/\/clinicadrgonell.com\/en\/wp-json\/wp\/v2\/media\/36"}],"wp:attachment":[{"href":"https:\/\/clinicadrgonell.com\/en\/wp-json\/wp\/v2\/media?parent=94640"}],"curies":[{"name":"wp","href":"https:\/\/api.w.org\/{rel}","templated":true}]}}